{"id":3036,"date":"2025-12-29T15:40:13","date_gmt":"2025-12-29T15:40:13","guid":{"rendered":"https:\/\/www.cec.cr\/breast-surgery\/reconstruccion-mamaria\/"},"modified":"2026-02-05T22:33:40","modified_gmt":"2026-02-05T22:33:40","slug":"breast-reconstruction","status":"publish","type":"page","link":"https:\/\/www.cec.cr\/en\/breast-surgery\/breast-reconstruction\/","title":{"rendered":"Breast Reconstruction"},"content":{"rendered":"","protected":false},"excerpt":{"rendered":"","protected":false},"author":2,"featured_media":0,"parent":1932,"menu_order":0,"comment_status":"closed","ping_status":"closed","template":"","meta":{"footnotes":""},"class_list":["post-3036","page","type-page","status-publish","hentry"],"yoast_head":"<!-- This site is optimized with the Yoast SEO plugin v24.2 - https:\/\/yoast.com\/wordpress\/plugins\/seo\/ -->\n<title>Reconstrucci\u00f3n mamaria por CEC, Costa Rica<\/title>\n<meta name=\"description\" content=\"Cumpla su sue\u00f1o de tener el busto que desea con el procedimiento de reconstrucci\u00f3n mamaria, con una r\u00e1pida recuperaci\u00f3n y resultados duraderos.\" \/>\n<meta name=\"robots\" content=\"index, follow, max-snippet:-1, max-image-preview:large, max-video-preview:-1\" \/>\n<link rel=\"canonical\" href=\"https:\/\/www.cec.cr\/en\/breast-surgery\/breast-reconstruction\/\" \/>\n<meta property=\"og:locale\" content=\"en_US\" \/>\n<meta property=\"og:type\" content=\"article\" \/>\n<meta property=\"og:title\" content=\"Reconstrucci\u00f3n mamaria por CEC, Costa Rica\" \/>\n<meta property=\"og:description\" content=\"Cumpla su sue\u00f1o de tener el busto que desea con el procedimiento de reconstrucci\u00f3n mamaria, con una r\u00e1pida recuperaci\u00f3n y resultados duraderos.\" \/>\n<meta property=\"og:url\" content=\"https:\/\/www.cec.cr\/en\/breast-surgery\/breast-reconstruction\/\" \/>\n<meta property=\"og:site_name\" content=\"Centro Europeo De Cirug\u00eda\" \/>\n<meta property=\"article:modified_time\" content=\"2026-02-05T22:33:40+00:00\" \/>\n<meta name=\"twitter:card\" content=\"summary_large_image\" \/>\n<!-- \/ Yoast SEO plugin. -->","yoast_head_json":{"title":"Reconstrucci\u00f3n mamaria por CEC, Costa Rica","description":"Cumpla su sue\u00f1o de tener el busto que desea con el procedimiento de reconstrucci\u00f3n mamaria, con una r\u00e1pida recuperaci\u00f3n y resultados duraderos.","robots":{"index":"index","follow":"follow","max-snippet":"max-snippet:-1","max-image-preview":"max-image-preview:large","max-video-preview":"max-video-preview:-1"},"canonical":"https:\/\/www.cec.cr\/en\/breast-surgery\/breast-reconstruction\/","og_locale":"en_US","og_type":"article","og_title":"Reconstrucci\u00f3n mamaria por CEC, Costa Rica","og_description":"Cumpla su sue\u00f1o de tener el busto que desea con el procedimiento de reconstrucci\u00f3n mamaria, con una r\u00e1pida recuperaci\u00f3n y resultados duraderos.","og_url":"https:\/\/www.cec.cr\/en\/breast-surgery\/breast-reconstruction\/","og_site_name":"Centro Europeo De Cirug\u00eda","article_modified_time":"2026-02-05T22:33:40+00:00","twitter_card":"summary_large_image","schema":{"@context":"https:\/\/schema.org","@graph":[{"@type":"WebPage","@id":"https:\/\/www.cec.cr\/en\/breast-surgery\/breast-reconstruction\/","url":"https:\/\/www.cec.cr\/en\/breast-surgery\/breast-reconstruction\/","name":"Reconstrucci\u00f3n mamaria por CEC, Costa Rica","isPartOf":{"@id":"https:\/\/www.cec.cr\/en\/#website"},"datePublished":"2025-12-29T15:40:13+00:00","dateModified":"2026-02-05T22:33:40+00:00","description":"Cumpla su sue\u00f1o de tener el busto que desea con el procedimiento de reconstrucci\u00f3n mamaria, con una r\u00e1pida recuperaci\u00f3n y resultados duraderos.","breadcrumb":{"@id":"https:\/\/www.cec.cr\/en\/breast-surgery\/breast-reconstruction\/#breadcrumb"},"inLanguage":"en-US","potentialAction":[{"@type":"ReadAction","target":["https:\/\/www.cec.cr\/en\/breast-surgery\/breast-reconstruction\/"]}]},{"@type":"BreadcrumbList","@id":"https:\/\/www.cec.cr\/en\/breast-surgery\/breast-reconstruction\/#breadcrumb","itemListElement":[{"@type":"ListItem","position":1,"name":"Portada","item":"https:\/\/www.cec.cr\/en\/"},{"@type":"ListItem","position":2,"name":"Breast Surgery","item":"https:\/\/www.cec.cr\/en\/breast-surgery\/"},{"@type":"ListItem","position":3,"name":"Breast Reconstruction"}]},{"@type":"WebSite","@id":"https:\/\/www.cec.cr\/en\/#website","url":"https:\/\/www.cec.cr\/en\/","name":"Centro Europeo De Cirug\u00eda","description":"","potentialAction":[{"@type":"SearchAction","target":{"@type":"EntryPoint","urlTemplate":"https:\/\/www.cec.cr\/en\/?s={search_term_string}"},"query-input":{"@type":"PropertyValueSpecification","valueRequired":true,"valueName":"search_term_string"}}],"inLanguage":"en-US"}]}},"_links":{"self":[{"href":"https:\/\/www.cec.cr\/en\/wp-json\/wp\/v2\/pages\/3036","targetHints":{"allow":["GET"]}}],"collection":[{"href":"https:\/\/www.cec.cr\/en\/wp-json\/wp\/v2\/pages"}],"about":[{"href":"https:\/\/www.cec.cr\/en\/wp-json\/wp\/v2\/types\/page"}],"author":[{"embeddable":true,"href":"https:\/\/www.cec.cr\/en\/wp-json\/wp\/v2\/users\/2"}],"replies":[{"embeddable":true,"href":"https:\/\/www.cec.cr\/en\/wp-json\/wp\/v2\/comments?post=3036"}],"version-history":[{"count":1,"href":"https:\/\/www.cec.cr\/en\/wp-json\/wp\/v2\/pages\/3036\/revisions"}],"predecessor-version":[{"id":3037,"href":"https:\/\/www.cec.cr\/en\/wp-json\/wp\/v2\/pages\/3036\/revisions\/3037"}],"up":[{"embeddable":true,"href":"https:\/\/www.cec.cr\/en\/wp-json\/wp\/v2\/pages\/1932"}],"wp:attachment":[{"href":"https:\/\/www.cec.cr\/en\/wp-json\/wp\/v2\/media?parent=3036"}],"curies":[{"name":"wp","href":"https:\/\/api.w.org\/{rel}","templated":true}]}}